{"id":4197,"date":"2025-10-28T20:12:45","date_gmt":"2025-10-28T20:12:45","guid":{"rendered":"https:\/\/elitepage.hu\/?page_id=4197"},"modified":"2025-10-28T20:15:46","modified_gmt":"2025-10-28T20:15:46","slug":"idopontfoglalas-minta","status":"publish","type":"page","link":"https:\/\/elitepage.hu\/en\/idopontfoglalas-minta\/","title":{"rendered":"Appointment booking sample"},"content":{"rendered":"<div data-elementor-type=\"wp-page\" data-elementor-id=\"4197\" class=\"elementor elementor-4197\" data-elementor-post-type=\"page\">\n\t\t\t\t<div class=\"elementor-element elementor-element-044025e e-flex e-con-boxed e-con e-parent\" data-id=\"044025e\" data-element_type=\"container\" data-settings=\"{&quot;background_background&quot;:&quot;video&quot;,&quot;background_video_link&quot;:&quot;https:\\\/\\\/elitepage.hu\\\/wp-content\\\/uploads\\\/2025\\\/09\\\/2324166-uhd_3840_2160_25fps.mp4&quot;}\">\n\t\t\t\t\t<div class=\"e-con-inner\">\n\t\t<div class=\"elementor-background-video-container elementor-hidden-mobile\">\n\t\t\t\t\t\t\t<video class=\"elementor-background-video-hosted\" autoplay muted playsinline loop><\/video>\n\t\t\t\t\t<\/div><div class=\"elementor-element elementor-element-fcd5fa6 e-con-full shapedividers_com-2349 e-flex e-con e-child\" data-id=\"fcd5fa6\" data-element_type=\"container\">\n\t\t\t\t<div class=\"elementor-element elementor-element-f65abf8 elementor-widget elementor-widget-heading\" data-id=\"f65abf8\" data-element_type=\"widget\" data-widget_type=\"heading.default\">\n\t\t\t\t<div class=\"elementor-widget-container\">\n\t\t\t\t\t<h2 class=\"elementor-heading-title elementor-size-default\">Book an appointment!<\/h2>\t\t\t\t<\/div>\n\t\t\t\t<\/div>\n\t\t\t\t<\/div>\n\t\t\t\t<div class=\"elementor-element elementor-element-b6db333 elementor-widget elementor-widget-stepbooking\" data-id=\"b6db333\" data-element_type=\"widget\" data-widget_type=\"stepbooking.default\">\n\t\t\t\t<div class=\"elementor-widget-container\">\n\t\t\t\t\t\n<script>\n  if (typeof hasAmeliaEntitiesApiCall === 'undefined' && ('' === '' && '' !== '1')) {\n    var hasAmeliaEntitiesApiCall = true;\n  }\n  var ameliaShortcodeData = (typeof ameliaShortcodeData === 'undefined') ? [] : ameliaShortcodeData;\n  ameliaShortcodeData.push(\n    {\n      'hasApiCall': (typeof hasAmeliaEntitiesApiCall !== 'undefined') && hasAmeliaEntitiesApiCall,\n      'trigger': '',\n      'trigger_type': '',\n      'triggered_form': 'sbsNew',\n      'in_dialog': '',\n      'show': '',\n      'counter': '1000',\n      'category': '',\n      'service': '',\n      'employee': '',\n      'location': '',\n      'package': '',\n      'layout': '1',\n    }\n  );\n\n  var ameliaShortcodeDataTriggered = (typeof ameliaShortcodeDataTriggered === 'undefined') ? [] : ameliaShortcodeDataTriggered;\n  if (ameliaShortcodeData[ameliaShortcodeData.length - 1].trigger !== '') {\n    if (ameliaShortcodeDataTriggered.filter(a => a.counter === ameliaShortcodeData[ameliaShortcodeData.length - 1].counter).length === 0) {\n      ameliaShortcodeDataTriggered.push(ameliaShortcodeData.pop());\n    } else {\n      ameliaShortcodeData.pop()\n    }\n  }\n  if (typeof hasAmeliaEntitiesApiCall !== 'undefined' && hasAmeliaEntitiesApiCall) {\n    hasAmeliaEntitiesApiCall = false;\n  }\n<\/script>\n\n<div\n  id=\"amelia-v2-booking-1000\"\n  class=\"amelia-v2-booking\"\n >\n    <step-form-wrapper><\/step-form-wrapper><\/div>\n\t\t\t\t<\/div>\n\t\t\t\t<\/div>\n\t\t\t\t\t<\/div>\n\t\t\t\t<\/div>\n\t\t\t\t<\/div>","protected":false},"excerpt":{"rendered":"<p>Book an appointment!<\/p>","protected":false},"author":1,"featured_media":0,"parent":0,"menu_order":0,"comment_status":"closed","ping_status":"closed","template":"elementor_header_footer","meta":{"_seopress_robots_primary_cat":"","_seopress_titles_title":"K\u00e9rj aj\u00e1nlatot egyedi weboldalakra egyszer\u0171en!","_seopress_titles_desc":"Gyors aj\u00e1nlatk\u00e9r\u00e9s webfejleszt\u00e9shez \u00e9s weboldal k\u00e9sz\u00edt\u00e9shez! Szem\u00e9lyre szabott megold\u00e1sok profi szakemberekt\u0151l. A min\u0151s\u00e9g, ami megk\u00fcl\u00f6nb\u00f6ztet.","_seopress_robots_index":"","footnotes":""},"class_list":["post-4197","page","type-page","status-publish"],"_links":{"self":[{"href":"https:\/\/elitepage.hu\/en\/wp-json\/wp\/v2\/pages\/4197","targetHints":{"allow":["GET"]}}],"collection":[{"href":"https:\/\/elitepage.hu\/en\/wp-json\/wp\/v2\/pages"}],"about":[{"href":"https:\/\/elitepage.hu\/en\/wp-json\/wp\/v2\/types\/page"}],"author":[{"embeddable":true,"href":"https:\/\/elitepage.hu\/en\/wp-json\/wp\/v2\/users\/1"}],"replies":[{"embeddable":true,"href":"https:\/\/elitepage.hu\/en\/wp-json\/wp\/v2\/comments?post=4197"}],"version-history":[{"count":9,"href":"https:\/\/elitepage.hu\/en\/wp-json\/wp\/v2\/pages\/4197\/revisions"}],"predecessor-version":[{"id":4206,"href":"https:\/\/elitepage.hu\/en\/wp-json\/wp\/v2\/pages\/4197\/revisions\/4206"}],"wp:attachment":[{"href":"https:\/\/elitepage.hu\/en\/wp-json\/wp\/v2\/media?parent=4197"}],"curies":[{"name":"wp","href":"https:\/\/api.w.org\/{rel}","templated":true}]}}